{"id":5315,"date":"2025-07-10T03:47:18","date_gmt":"2025-07-10T03:47:18","guid":{"rendered":"https:\/\/calizatravel.com\/?page_id=5315"},"modified":"2025-08-22T00:06:36","modified_gmt":"2025-08-22T00:06:36","slug":"transporte","status":"publish","type":"page","link":"https:\/\/calizatravel.com\/es\/transporte\/","title":{"rendered":"Transporte"},"content":{"rendered":"<div data-elementor-type=\"wp-page\" data-elementor-id=\"5315\" class=\"elementor elementor-5315\">\n\t\t\t\t<div class=\"elementor-element elementor-element-e85fd16 e-flex e-con-boxed e-con e-parent\" data-id=\"e85fd16\" data-element_type=\"container\" data-e-type=\"container\">\n\t\t\t\t\t<div class=\"e-con-inner\">\n\t\t\t\t<div class=\"elementor-element elementor-element-0fb8d5b elementor-widget elementor-widget-heading\" data-id=\"0fb8d5b\" data-element_type=\"widget\" data-e-type=\"widget\" data-widget_type=\"heading.default\">\n\t\t\t\t<div class=\"elementor-widget-container\">\n\t\t\t\t\t<h2 class=\"elementor-heading-title elementor-size-default\">Servicio de transporte<\/h2>\t\t\t\t<\/div>\n\t\t\t\t<\/div>\n\t\t\t\t<div class=\"elementor-element elementor-element-b1360be elementor-widget elementor-widget-text-editor\" data-id=\"b1360be\" data-element_type=\"widget\" data-e-type=\"widget\" data-widget_type=\"text-editor.default\">\n\t\t\t\t<div class=\"elementor-widget-container\">\n\t\t\t\t\t\t\t\t\t<p>Reserva tu transporte privado con nosotros y disfruta de un servicio flexible, seguro y confiable a donde necesites ir. Ya sea que vayas a un evento, explores la regi\u00f3n o viajes en grupo, ofrecemos veh\u00edculos modernos y conductores experimentados para que tu viaje sea c\u00f3modo y sin estr\u00e9s.<\/p><p>Veh\u00edculos nuevos, servicio profesional y comodidad total: viaje con Caliza Travel.<\/p>\t\t\t\t\t\t\t\t<\/div>\n\t\t\t\t<\/div>\n\t\t\t\t\t<\/div>\n\t\t\t\t<\/div>\n\t\t<div class=\"elementor-element elementor-element-d16033c e-flex e-con-boxed e-con e-parent\" data-id=\"d16033c\" data-element_type=\"container\" data-e-type=\"container\">\n\t\t\t\t\t<div class=\"e-con-inner\">\n\t\t\t\t<div class=\"elementor-element elementor-element-96d5643 elementor-widget elementor-widget-spacer\" data-id=\"96d5643\" data-element_type=\"widget\" data-e-type=\"widget\" data-widget_type=\"spacer.default\">\n\t\t\t\t<div class=\"elementor-widget-container\">\n\t\t\t\t\t\t\t<div class=\"elementor-spacer\">\n\t\t\t<div class=\"elementor-spacer-inner\"><\/div>\n\t\t<\/div>\n\t\t\t\t\t\t<\/div>\n\t\t\t\t<\/div>\n\t\t\t\t\t<\/div>\n\t\t\t\t<\/div>\n\t\t<div class=\"elementor-element elementor-element-9caf57e e-flex e-con-boxed e-con e-parent\" data-id=\"9caf57e\" data-element_type=\"container\" data-e-type=\"container\">\n\t\t\t\t\t<div class=\"e-con-inner\">\n\t\t<div class=\"elementor-element elementor-element-b78d816 e-con-full e-flex e-con e-child\" data-id=\"b78d816\" data-element_type=\"container\" data-e-type=\"container\">\n\t\t\t\t<div class=\"elementor-element elementor-element-7b56e50 elementor-widget elementor-widget-image\" data-id=\"7b56e50\" data-element_type=\"widget\" data-e-type=\"widget\" data-widget_type=\"image.default\">\n\t\t\t\t<div class=\"elementor-widget-container\">\n\t\t\t\t\t\t\t\t\t\t\t\t\t\t\t<img fetchpriority=\"high\" decoding=\"async\" width=\"780\" height=\"650\" src=\"https:\/\/calizatravel.com\/wp-content\/uploads\/2025\/07\/DJI_20231015_113002_836-Editada-1024x853.jpg\" class=\"attachment-large size-large wp-image-5357\" alt=\"\" srcset=\"https:\/\/calizatravel.com\/wp-content\/uploads\/2025\/07\/DJI_20231015_113002_836-Editada-1024x853.jpg 1024w, https:\/\/calizatravel.com\/wp-content\/uploads\/2025\/07\/DJI_20231015_113002_836-Editada-300x250.jpg 300w, https:\/\/calizatravel.com\/wp-content\/uploads\/2025\/07\/DJI_20231015_113002_836-Editada-768x639.jpg 768w, https:\/\/calizatravel.com\/wp-content\/uploads\/2025\/07\/DJI_20231015_113002_836-Editada-1536x1279.jpg 1536w, https:\/\/calizatravel.com\/wp-content\/uploads\/2025\/07\/DJI_20231015_113002_836-Editada-2048x1705.jpg 2048w, https:\/\/calizatravel.com\/wp-content\/uploads\/2025\/07\/DJI_20231015_113002_836-Editada-14x12.jpg 14w\" sizes=\"(max-width: 780px) 100vw, 780px\" \/>\t\t\t\t\t\t\t\t\t\t\t\t\t\t\t<\/div>\n\t\t\t\t<\/div>\n\t\t\t\t<\/div>\n\t\t<div class=\"elementor-element elementor-element-21f0f81 e-con-full e-flex e-con e-child\" data-id=\"21f0f81\" data-element_type=\"container\" data-e-type=\"container\">\n\t\t<div class=\"elementor-element elementor-element-53651b8 e-con-full e-flex e-con e-child\" data-id=\"53651b8\" data-element_type=\"container\" data-e-type=\"container\">\n\t\t\t\t<div class=\"elementor-element elementor-element-0a3afc2 elementor-widget elementor-widget-heading\" data-id=\"0a3afc2\" data-element_type=\"widget\" data-e-type=\"widget\" data-widget_type=\"heading.default\">\n\t\t\t\t<div class=\"elementor-widget-container\">\n\t\t\t\t\t<h2 class=\"elementor-heading-title elementor-size-default\">13 pasajeros<\/h2>\t\t\t\t<\/div>\n\t\t\t\t<\/div>\n\t\t\t\t<\/div>\n\t\t<div class=\"elementor-element elementor-element-eea39b3 e-con-full e-flex e-con e-child\" data-id=\"eea39b3\" data-element_type=\"container\" data-e-type=\"container\">\n\t\t\t\t<div class=\"elementor-element elementor-element-ec19ff0 elementor-widget elementor-widget-text-editor\" data-id=\"ec19ff0\" data-element_type=\"widget\" data-e-type=\"widget\" data-widget_type=\"text-editor.default\">\n\t\t\t\t<div class=\"elementor-widget-container\">\n\t\t\t\t\t\t\t\t\t<ul><li data-start=\"254\" data-end=\"302\"><p data-start=\"256\" data-end=\"302\">Cabina con aire acondicionado para un viaje c\u00f3modo.<\/p><\/li><li data-start=\"303\" data-end=\"350\"><p data-start=\"305\" data-end=\"350\">Asientos para hasta 13 pasajeros m\u00e1s el conductor.<\/p><\/li><li data-start=\"351\" data-end=\"405\"><p data-start=\"353\" data-end=\"405\">Perfecto para traslados al aeropuerto o viajes en grupos peque\u00f1os.<\/p><\/li><li data-start=\"406\" data-end=\"443\"><p data-start=\"408\" data-end=\"443\">Amplio compartimento trasero para equipaje<\/p><\/li><li data-start=\"444\" data-end=\"487\"><p data-start=\"446\" data-end=\"487\">Conducci\u00f3n segura y suave durante largas distancias.<\/p><\/li><li data-start=\"488\" data-end=\"539\"><p data-start=\"490\" data-end=\"539\">Audio Bluetooth para tu m\u00fasica favorita mientras viajas<\/p><\/li><\/ul>\t\t\t\t\t\t\t\t<\/div>\n\t\t\t\t<\/div>\n\t\t\t\t<\/div>\n\t\t\t\t<\/div>\n\t\t\t\t\t<\/div>\n\t\t\t\t<\/div>\n\t\t<div class=\"elementor-element elementor-element-73f97f9 e-flex e-con-boxed e-con e-parent\" data-id=\"73f97f9\" data-element_type=\"container\" data-e-type=\"container\">\n\t\t\t\t\t<div class=\"e-con-inner\">\n\t\t\t\t<div class=\"elementor-element elementor-element-dfb3ea9 elementor-widget elementor-widget-spacer\" data-id=\"dfb3ea9\" data-element_type=\"widget\" data-e-type=\"widget\" data-widget_type=\"spacer.default\">\n\t\t\t\t<div class=\"elementor-widget-container\">\n\t\t\t\t\t\t\t<div class=\"elementor-spacer\">\n\t\t\t<div class=\"elementor-spacer-inner\"><\/div>\n\t\t<\/div>\n\t\t\t\t\t\t<\/div>\n\t\t\t\t<\/div>\n\t\t\t\t\t<\/div>\n\t\t\t\t<\/div>\n\t\t<div class=\"elementor-element elementor-element-891353d e-flex e-con-boxed e-con e-parent\" data-id=\"891353d\" data-element_type=\"container\" data-e-type=\"container\">\n\t\t\t\t\t<div class=\"e-con-inner\">\n\t\t<div class=\"elementor-element elementor-element-95cee22 e-con-full e-flex e-con e-child\" data-id=\"95cee22\" data-element_type=\"container\" data-e-type=\"container\">\n\t\t\t\t<div class=\"elementor-element elementor-element-ea6e973 elementor-widget elementor-widget-image\" data-id=\"ea6e973\" data-element_type=\"widget\" data-e-type=\"widget\" data-widget_type=\"image.default\">\n\t\t\t\t<div class=\"elementor-widget-container\">\n\t\t\t\t\t\t\t\t\t\t\t\t\t\t\t<img decoding=\"async\" width=\"780\" height=\"583\" src=\"https:\/\/calizatravel.com\/wp-content\/uploads\/2025\/07\/ea0b1535-1b11-4ac6-97aa-7eb659482915-1024x765.png\" class=\"attachment-large size-large wp-image-5359\" alt=\"\" srcset=\"https:\/\/calizatravel.com\/wp-content\/uploads\/2025\/07\/ea0b1535-1b11-4ac6-97aa-7eb659482915-1024x765.png 1024w, https:\/\/calizatravel.com\/wp-content\/uploads\/2025\/07\/ea0b1535-1b11-4ac6-97aa-7eb659482915-300x224.png 300w, https:\/\/calizatravel.com\/wp-content\/uploads\/2025\/07\/ea0b1535-1b11-4ac6-97aa-7eb659482915-768x573.png 768w, https:\/\/calizatravel.com\/wp-content\/uploads\/2025\/07\/ea0b1535-1b11-4ac6-97aa-7eb659482915-16x12.png 16w, https:\/\/calizatravel.com\/wp-content\/uploads\/2025\/07\/ea0b1535-1b11-4ac6-97aa-7eb659482915.png 1180w\" sizes=\"(max-width: 780px) 100vw, 780px\" \/>\t\t\t\t\t\t\t\t\t\t\t\t\t\t\t<\/div>\n\t\t\t\t<\/div>\n\t\t\t\t<\/div>\n\t\t<div class=\"elementor-element elementor-element-4f1244a e-con-full e-flex e-con e-child\" data-id=\"4f1244a\" data-element_type=\"container\" data-e-type=\"container\">\n\t\t<div class=\"elementor-element elementor-element-9b818c8 e-con-full e-flex e-con e-child\" data-id=\"9b818c8\" data-element_type=\"container\" data-e-type=\"container\">\n\t\t\t\t<div class=\"elementor-element elementor-element-e75c977 elementor-widget elementor-widget-heading\" data-id=\"e75c977\" data-element_type=\"widget\" data-e-type=\"widget\" data-widget_type=\"heading.default\">\n\t\t\t\t<div class=\"elementor-widget-container\">\n\t\t\t\t\t<h2 class=\"elementor-heading-title elementor-size-default\">20 pasajeros<\/h2>\t\t\t\t<\/div>\n\t\t\t\t<\/div>\n\t\t\t\t<\/div>\n\t\t<div class=\"elementor-element elementor-element-4e05bd3 e-con-full e-flex e-con e-child\" data-id=\"4e05bd3\" data-element_type=\"container\" data-e-type=\"container\">\n\t\t\t\t<div class=\"elementor-element elementor-element-3c6fe1a elementor-widget elementor-widget-text-editor\" data-id=\"3c6fe1a\" data-element_type=\"widget\" data-e-type=\"widget\" data-widget_type=\"text-editor.default\">\n\t\t\t\t<div class=\"elementor-widget-container\">\n\t\t\t\t\t\t\t\t\t<ul><li data-start=\"254\" data-end=\"302\"><p data-start=\"256\" data-end=\"302\">Cabina con aire acondicionado para un viaje c\u00f3modo.<\/p><\/li><li data-start=\"303\" data-end=\"350\"><p data-start=\"305\" data-end=\"350\">Asientos para hasta 13 pasajeros m\u00e1s el conductor.<\/p><\/li><li data-start=\"351\" data-end=\"405\"><p data-start=\"353\" data-end=\"405\">Perfecto para traslados al aeropuerto o viajes en grupos peque\u00f1os.<\/p><\/li><li data-start=\"406\" data-end=\"443\"><p data-start=\"408\" data-end=\"443\">Amplio compartimento trasero para equipaje<\/p><\/li><li data-start=\"444\" data-end=\"487\"><p data-start=\"446\" data-end=\"487\">Conducci\u00f3n segura y suave durante largas distancias.<\/p><\/li><li data-start=\"488\" data-end=\"539\"><p data-start=\"490\" data-end=\"539\">Audio Bluetooth para tu m\u00fasica favorita mientras viajas<\/p><\/li><\/ul>\t\t\t\t\t\t\t\t<\/div>\n\t\t\t\t<\/div>\n\t\t\t\t<\/div>\n\t\t\t\t<\/div>\n\t\t\t\t\t<\/div>\n\t\t\t\t<\/div>\n\t\t<div class=\"elementor-element elementor-element-59a3b44 e-flex e-con-boxed e-con e-parent\" data-id=\"59a3b44\" data-element_type=\"container\" data-e-type=\"container\">\n\t\t\t\t\t<div class=\"e-con-inner\">\n\t\t\t\t<div class=\"elementor-element elementor-element-17fa326 elementor-widget elementor-widget-spacer\" data-id=\"17fa326\" data-element_type=\"widget\" data-e-type=\"widget\" data-widget_type=\"spacer.default\">\n\t\t\t\t<div class=\"elementor-widget-container\">\n\t\t\t\t\t\t\t<div class=\"elementor-spacer\">\n\t\t\t<div class=\"elementor-spacer-inner\"><\/div>\n\t\t<\/div>\n\t\t\t\t\t\t<\/div>\n\t\t\t\t<\/div>\n\t\t\t\t\t<\/div>\n\t\t\t\t<\/div>\n\t\t<div class=\"elementor-element elementor-element-0171260 e-flex e-con-boxed e-con e-parent\" data-id=\"0171260\" data-element_type=\"container\" data-e-type=\"container\">\n\t\t\t\t\t<div class=\"e-con-inner\">\n\t\t<div class=\"elementor-element elementor-element-a34dcd8 e-con-full e-flex e-con e-child\" data-id=\"a34dcd8\" data-element_type=\"container\" data-e-type=\"container\">\n\t\t\t\t<div class=\"elementor-element elementor-element-096e34e elementor-widget elementor-widget-image\" data-id=\"096e34e\" data-element_type=\"widget\" data-e-type=\"widget\" data-widget_type=\"image.default\">\n\t\t\t\t<div class=\"elementor-widget-container\">\n\t\t\t\t\t\t\t\t\t\t\t\t\t\t\t<img decoding=\"async\" width=\"739\" height=\"500\" src=\"https:\/\/calizatravel.com\/wp-content\/uploads\/2025\/07\/Screenshot-2025-07-10-at-4.18.51\u202fp.m.-Editada.png\" class=\"attachment-medium_large size-medium_large wp-image-5353\" alt=\"\" srcset=\"https:\/\/calizatravel.com\/wp-content\/uploads\/2025\/07\/Screenshot-2025-07-10-at-4.18.51\u202fp.m.-Editada.png 739w, https:\/\/calizatravel.com\/wp-content\/uploads\/2025\/07\/Screenshot-2025-07-10-at-4.18.51\u202fp.m.-Editada-300x203.png 300w, https:\/\/calizatravel.com\/wp-content\/uploads\/2025\/07\/Screenshot-2025-07-10-at-4.18.51\u202fp.m.-Editada-18x12.png 18w\" sizes=\"(max-width: 739px) 100vw, 739px\" \/>\t\t\t\t\t\t\t\t\t\t\t\t\t\t\t<\/div>\n\t\t\t\t<\/div>\n\t\t\t\t<\/div>\n\t\t<div class=\"elementor-element elementor-element-a4c7880 e-con-full e-flex e-con e-child\" data-id=\"a4c7880\" data-element_type=\"container\" data-e-type=\"container\">\n\t\t<div class=\"elementor-element elementor-element-ff771ff e-con-full e-flex e-con e-child\" data-id=\"ff771ff\" data-element_type=\"container\" data-e-type=\"container\">\n\t\t\t\t<div class=\"elementor-element elementor-element-c38f87f elementor-widget elementor-widget-heading\" data-id=\"c38f87f\" data-element_type=\"widget\" data-e-type=\"widget\" data-widget_type=\"heading.default\">\n\t\t\t\t<div class=\"elementor-widget-container\">\n\t\t\t\t\t<h2 class=\"elementor-heading-title elementor-size-default\">6 pasajeros<\/h2>\t\t\t\t<\/div>\n\t\t\t\t<\/div>\n\t\t\t\t<\/div>\n\t\t<div class=\"elementor-element elementor-element-4895742 e-con-full e-flex e-con e-child\" data-id=\"4895742\" data-element_type=\"container\" data-e-type=\"container\">\n\t\t\t\t<div class=\"elementor-element elementor-element-41b5cc0 elementor-widget elementor-widget-text-editor\" data-id=\"41b5cc0\" data-element_type=\"widget\" data-e-type=\"widget\" data-widget_type=\"text-editor.default\">\n\t\t\t\t<div class=\"elementor-widget-container\">\n\t\t\t\t\t\t\t\t\t<ul><li data-start=\"585\" data-end=\"620\"><p data-start=\"587\" data-end=\"620\">Aire acondicionado Premium para m\u00e1xima comodidad<\/p><\/li><li data-start=\"621\" data-end=\"662\"><p data-start=\"623\" data-end=\"662\">Tiene capacidad para hasta 14 pasajeros m\u00e1s el conductor.<\/p><\/li><li data-start=\"663\" data-end=\"714\"><p data-start=\"665\" data-end=\"714\">Ideal para bodas, eventos o excursiones en grupo.<\/p><\/li><li data-start=\"715\" data-end=\"756\"><p data-start=\"717\" data-end=\"756\">Amplio espacio para equipaje y equipo.<\/p><\/li><li data-start=\"757\" data-end=\"804\"><p data-start=\"759\" data-end=\"804\">Dise\u00f1o moderno con caracter\u00edsticas de seguridad mejoradas.<\/p><\/li><li data-start=\"805\" data-end=\"849\"><p data-start=\"807\" data-end=\"849\">Sistema de sonido Bluetooth para listas de reproducci\u00f3n grupales<\/p><\/li><\/ul>\t\t\t\t\t\t\t\t<\/div>\n\t\t\t\t<\/div>\n\t\t\t\t<\/div>\n\t\t\t\t<\/div>\n\t\t\t\t\t<\/div>\n\t\t\t\t<\/div>\n\t\t\t\t<\/div>","protected":false},"excerpt":{"rendered":"<p>Servicio de Transporte. Reserve su transporte privado con nosotros y disfrute de un servicio flexible, seguro y confiable dondequiera que vaya. Ya sea que se dirija a un evento, explore la regi\u00f3n o viaje en grupo, ofrecemos veh\u00edculos modernos y [\u2026]<\/p>","protected":false},"author":1,"featured_media":0,"parent":0,"menu_order":0,"comment_status":"closed","ping_status":"closed","template":"","meta":{"_joinchat":[],"footnotes":""},"class_list":["post-5315","page","type-page","status-publish","hentry","travel-monster-post","no-post-thumbnail","latest_post"],"_links":{"self":[{"href":"https:\/\/calizatravel.com\/es\/wp-json\/wp\/v2\/pages\/5315","targetHints":{"allow":["GET"]}}],"collection":[{"href":"https:\/\/calizatravel.com\/es\/wp-json\/wp\/v2\/pages"}],"about":[{"href":"https:\/\/calizatravel.com\/es\/wp-json\/wp\/v2\/types\/page"}],"author":[{"embeddable":true,"href":"https:\/\/calizatravel.com\/es\/wp-json\/wp\/v2\/users\/1"}],"replies":[{"embeddable":true,"href":"https:\/\/calizatravel.com\/es\/wp-json\/wp\/v2\/comments?post=5315"}],"version-history":[{"count":59,"href":"https:\/\/calizatravel.com\/es\/wp-json\/wp\/v2\/pages\/5315\/revisions"}],"predecessor-version":[{"id":5412,"href":"https:\/\/calizatravel.com\/es\/wp-json\/wp\/v2\/pages\/5315\/revisions\/5412"}],"wp:attachment":[{"href":"https:\/\/calizatravel.com\/es\/wp-json\/wp\/v2\/media?parent=5315"}],"curies":[{"name":"gracias","href":"https:\/\/api.w.org\/{rel}","templated":true}]}}