{"id":2553,"date":"2022-03-18T07:06:48","date_gmt":"2022-03-18T07:06:48","guid":{"rendered":"https:\/\/calizatravel.com\/?page_id=2553"},"modified":"2024-01-19T03:17:46","modified_gmt":"2024-01-19T03:17:46","slug":"about-us","status":"publish","type":"page","link":"https:\/\/calizatravel.com\/es\/about-us\/","title":{"rendered":"Sobre nosotros"},"content":{"rendered":"<div data-elementor-type=\"wp-page\" data-elementor-id=\"2553\" class=\"elementor elementor-2553\">\n\t\t\t\t\t\t<section class=\"elementor-section elementor-top-section elementor-element elementor-element-a63b4c9 elementor-section-boxed elementor-section-height-default elementor-section-height-default\" data-id=\"a63b4c9\" data-element_type=\"section\" data-e-type=\"section\" data-settings=\"{&quot;background_background&quot;:&quot;classic&quot;}\">\n\t\t\t\t\t\t\t<div class=\"elementor-background-overlay\"><\/div>\n\t\t\t\t\t\t\t<div class=\"elementor-container elementor-column-gap-default\">\n\t\t\t\t\t<div class=\"elementor-column elementor-col-100 elementor-top-column elementor-element elementor-element-1fdbfde\" data-id=\"1fdbfde\" data-element_type=\"column\" data-e-type=\"column\">\n\t\t\t<div class=\"elementor-widget-wrap elementor-element-populated\">\n\t\t\t\t\t\t<div class=\"elementor-element elementor-element-9f64a83 --secondaryFontFamily elementor-widget elementor-widget-heading\" data-id=\"9f64a83\" data-element_type=\"widget\" data-e-type=\"widget\" data-widget_type=\"heading.default\">\n\t\t\t\t<div class=\"elementor-widget-container\">\n\t\t\t\t\t<h2 class=\"elementor-heading-title elementor-size-default\">\u00a1Conect\u00e9monos! <\/h2>\t\t\t\t<\/div>\n\t\t\t\t<\/div>\n\t\t\t\t\t<\/div>\n\t\t<\/div>\n\t\t\t\t\t<\/div>\n\t\t<\/section>\n\t\t\t\t<section class=\"elementor-section elementor-top-section elementor-element elementor-element-4fada9c3 elementor-section-boxed elementor-section-height-default elementor-section-height-default\" data-id=\"4fada9c3\" data-element_type=\"section\" data-e-type=\"section\">\n\t\t\t\t\t\t<div class=\"elementor-container elementor-column-gap-default\">\n\t\t\t\t\t<div class=\"elementor-column elementor-col-50 elementor-top-column elementor-element elementor-element-2bf14d3f\" data-id=\"2bf14d3f\" data-element_type=\"column\" data-e-type=\"column\">\n\t\t\t<div class=\"elementor-widget-wrap elementor-element-populated\">\n\t\t\t\t\t\t<section class=\"elementor-section elementor-inner-section elementor-element elementor-element-fc4377b travel-monster-section-header left elementor-section-boxed elementor-section-height-default elementor-section-height-default\" data-id=\"fc4377b\" data-element_type=\"section\" data-e-type=\"section\">\n\t\t\t\t\t\t<div class=\"elementor-container elementor-column-gap-default\">\n\t\t\t\t\t<div class=\"elementor-column elementor-col-100 elementor-inner-column elementor-element elementor-element-5c1787f8\" data-id=\"5c1787f8\" data-element_type=\"column\" data-e-type=\"column\">\n\t\t\t<div class=\"elementor-widget-wrap elementor-element-populated\">\n\t\t\t\t\t\t<div class=\"elementor-element elementor-element-16caaba3 --secondaryFontFamily elementor-widget elementor-widget-heading\" data-id=\"16caaba3\" data-element_type=\"widget\" data-e-type=\"widget\" data-widget_type=\"heading.default\">\n\t\t\t\t<div class=\"elementor-widget-container\">\n\t\t\t\t\t<h2 class=\"elementor-heading-title elementor-size-default\">\u00a1Construyamos juntos tu pr\u00f3ximo viaje inolvidable! <\/h2>\t\t\t\t<\/div>\n\t\t\t\t<\/div>\n\t\t\t\t<div class=\"elementor-element elementor-element-13b34bb elementor-widget elementor-widget-heading\" data-id=\"13b34bb\" data-element_type=\"widget\" data-e-type=\"widget\" data-widget_type=\"heading.default\">\n\t\t\t\t<div class=\"elementor-widget-container\">\n\t\t\t\t\t<h2 class=\"elementor-heading-title elementor-size-default\">Programa una llamada con nosotros<\/h2>\t\t\t\t<\/div>\n\t\t\t\t<\/div>\n\t\t\t\t\t<\/div>\n\t\t<\/div>\n\t\t\t\t\t<\/div>\n\t\t<\/section>\n\t\t\t\t<div class=\"elementor-element elementor-element-57c7fc0f elementor-widget elementor-widget-text-editor\" data-id=\"57c7fc0f\" data-element_type=\"widget\" data-e-type=\"widget\" data-widget_type=\"text-editor.default\">\n\t\t\t\t<div class=\"elementor-widget-container\">\n\t\t\t\t\t\t\t\t\t<p>\u00a1Te entendemos! Planificar un viaje deber\u00eda ser f\u00e1cil y divertido. Por eso, nuestro objetivo es que el proceso de planificaci\u00f3n sea lo m\u00e1s sencillo y claro posible. Perm\u00edtenos comprender tus necesidades y brindarte las mejores opciones para el viaje perfecto.<\/p><p>\u00a0<\/p><p>Ya sea que est\u00e9 planeando algo con su pareja, amigos, familiares o colegas, \u00a1tenemos las experiencias perfectas para que aproveche al m\u00e1ximo su aventura!<\/p><p>\u00a0<\/p><p>\u00a1Platiquemos y d\u00e9janos encargarnos de la planeaci\u00f3n por ti!<\/p>\t\t\t\t\t\t\t\t<\/div>\n\t\t\t\t<\/div>\n\t\t\t\t\t<\/div>\n\t\t<\/div>\n\t\t\t\t<div class=\"elementor-column elementor-col-50 elementor-top-column elementor-element elementor-element-4ec6f145\" data-id=\"4ec6f145\" data-element_type=\"column\" data-e-type=\"column\">\n\t\t\t<div class=\"elementor-widget-wrap elementor-element-populated\">\n\t\t\t\t\t\t<div class=\"elementor-element elementor-element-3b15c6f elementor-widget elementor-widget-image\" data-id=\"3b15c6f\" data-element_type=\"widget\" data-e-type=\"widget\" data-widget_type=\"image.default\">\n\t\t\t\t<div class=\"elementor-widget-container\">\n\t\t\t\t\t\t\t\t\t\t\t\t\t\t\t<img fetchpriority=\"high\" decoding=\"async\" width=\"1024\" height=\"1024\" src=\"https:\/\/calizatravel.com\/wp-content\/uploads\/2024\/01\/about.png\" class=\"attachment-large size-large wp-image-5142\" alt=\"\" srcset=\"https:\/\/calizatravel.com\/wp-content\/uploads\/2024\/01\/about.png 1024w, https:\/\/calizatravel.com\/wp-content\/uploads\/2024\/01\/about-300x300.png 300w, https:\/\/calizatravel.com\/wp-content\/uploads\/2024\/01\/about-150x150.png 150w, https:\/\/calizatravel.com\/wp-content\/uploads\/2024\/01\/about-768x768.png 768w\" sizes=\"(max-width: 1024px) 100vw, 1024px\" \/>\t\t\t\t\t\t\t\t\t\t\t\t\t\t\t<\/div>\n\t\t\t\t<\/div>\n\t\t\t\t\t<\/div>\n\t\t<\/div>\n\t\t\t\t\t<\/div>\n\t\t<\/section>\n\t\t\t\t<section class=\"elementor-section elementor-top-section elementor-element elementor-element-49c86a76 elementor-section-full_width elementor-section-height-default elementor-section-height-default\" data-id=\"49c86a76\" data-element_type=\"section\" data-e-type=\"section\">\n\t\t\t\t\t\t<div class=\"elementor-container elementor-column-gap-default\">\n\t\t\t\t\t<div class=\"elementor-column elementor-col-100 elementor-top-column elementor-element elementor-element-61fadcb1\" data-id=\"61fadcb1\" data-element_type=\"column\" data-e-type=\"column\">\n\t\t\t<div class=\"elementor-widget-wrap elementor-element-populated\">\n\t\t\t\t\t\t<div class=\"elementor-element elementor-element-50973569 elementor-widget__width-auto elementor-absolute elementor-hidden-tablet elementor-hidden-mobile elementor-widget elementor-widget-image\" data-id=\"50973569\" data-element_type=\"widget\" data-e-type=\"widget\" data-settings=\"{&quot;_position&quot;:&quot;absolute&quot;}\" data-widget_type=\"image.default\">\n\t\t\t\t<div class=\"elementor-widget-container\">\n\t\t\t\t\t\t\t\t\t\t\t\t\t\t\t<img decoding=\"async\" width=\"162\" height=\"195\" src=\"https:\/\/calizatravel.com\/wp-content\/uploads\/2022\/09\/decoration-1.png\" class=\"attachment-large size-large wp-image-3545\" alt=\"\" \/>\t\t\t\t\t\t\t\t\t\t\t\t\t\t\t<\/div>\n\t\t\t\t<\/div>\n\t\t\t\t\t<\/div>\n\t\t<\/div>\n\t\t\t\t\t<\/div>\n\t\t<\/section>\n\t\t\t\t<\/div>","protected":false},"excerpt":{"rendered":"<p>Acerca de Travel Nomad: Experiencias de viaje integrales. Empieza un nuevo viaje aqu\u00ed mismo. Encuentra un destino a tu medida y comienza a viajar. Ofrecemos los mejores paquetes de viaje. A medida que el mercado tur\u00edstico crece en India, tambi\u00e9n lo hacen los problemas de seguridad para los extranjeros que viajan a la India cada a\u00f1o. Si bien el gobierno est\u00e1 haciendo su parte, [\u2026]<\/p>","protected":false},"author":1,"featured_media":0,"parent":0,"menu_order":0,"comment_status":"closed","ping_status":"closed","template":"elementor_header_footer","meta":{"_joinchat":[],"footnotes":""},"class_list":["post-2553","page","type-page","status-publish","hentry","travel-monster-post","no-post-thumbnail","latest_post"],"_links":{"self":[{"href":"https:\/\/calizatravel.com\/es\/wp-json\/wp\/v2\/pages\/2553","targetHints":{"allow":["GET"]}}],"collection":[{"href":"https:\/\/calizatravel.com\/es\/wp-json\/wp\/v2\/pages"}],"about":[{"href":"https:\/\/calizatravel.com\/es\/wp-json\/wp\/v2\/types\/page"}],"author":[{"embeddable":true,"href":"https:\/\/calizatravel.com\/es\/wp-json\/wp\/v2\/users\/1"}],"replies":[{"embeddable":true,"href":"https:\/\/calizatravel.com\/es\/wp-json\/wp\/v2\/comments?post=2553"}],"version-history":[{"count":21,"href":"https:\/\/calizatravel.com\/es\/wp-json\/wp\/v2\/pages\/2553\/revisions"}],"predecessor-version":[{"id":5145,"href":"https:\/\/calizatravel.com\/es\/wp-json\/wp\/v2\/pages\/2553\/revisions\/5145"}],"wp:attachment":[{"href":"https:\/\/calizatravel.com\/es\/wp-json\/wp\/v2\/media?parent=2553"}],"curies":[{"name":"gracias","href":"https:\/\/api.w.org\/{rel}","templated":true}]}}